{"id":130990,"date":"2024-05-06T22:07:05","date_gmt":"2024-05-06T22:07:05","guid":{"rendered":"https:\/\/rockstone.com.mx\/promociones\/?page_id=130990"},"modified":"2024-05-15T21:02:16","modified_gmt":"2024-05-15T21:02:16","slug":"home","status":"publish","type":"page","link":"https:\/\/rockstone.com.mx\/promociones\/","title":{"rendered":"Home"},"content":{"rendered":"<div class=\"wpb-content-wrapper\"><p>[vc_row unlock_row_content=&#8221;yes&#8221; row_height_percent=&#8221;80&#8243; overlay_alpha=&#8221;50&#8243; gutter_size=&#8221;3&#8243; column_width_percent=&#8221;100&#8243; shift_y=&#8221;0&#8243; z_index=&#8221;0&#8243; uncode_shortcode_id=&#8221;189817&#8243;][vc_column width=&#8221;1\/1&#8243;][uncode_slider][vc_row_inner row_inner_height_percent=&#8221;0&#8243; back_image=&#8221;131304&#8243; overlay_color=&#8221;color-jevc&#8221; overlay_alpha=&#8221;20&#8243; gutter_size=&#8221;3&#8243; shift_y=&#8221;0&#8243; z_index=&#8221;0&#8243; uncode_shortcode_id=&#8221;857301&#8243; overlay_color_type=&#8221;uncode-palette&#8221;][vc_column_inner column_width_percent=&#8221;100&#8243; position_vertical=&#8221;middle&#8221; align_horizontal=&#8221;align_center&#8221; gutter_size=&#8221;3&#8243; style=&#8221;dark&#8221; overlay_alpha=&#8221;50&#8243; shift_x=&#8221;0&#8243; shift_y=&#8221;0&#8243; shift_y_down=&#8221;0&#8243; z_index=&#8221;0&#8243; medium_width=&#8221;0&#8243; mobile_width=&#8221;0&#8243; width=&#8221;1\/1&#8243; uncode_shortcode_id=&#8221;504698&#8243;][vc_custom_heading text_size=&#8221;fontsize-445851&#8243; uncode_shortcode_id=&#8221;640143&#8243;]PROMOCIONES \u00daNICAS[\/vc_custom_heading][\/vc_column_inner][\/vc_row_inner][\/uncode_slider][\/vc_column][\/vc_row][vc_row][vc_column width=&#8221;1\/4&#8243;][\/vc_column][vc_column width=&#8221;1\/2&#8243;][vc_single_image media=&#8221;131000&#8243; media_width_percent=&#8221;50&#8243; alignment=&#8221;center&#8221; uncode_shortcode_id=&#8221;939382&#8243;][\/vc_column][vc_column width=&#8221;1\/4&#8243;][\/vc_column][\/vc_row][vc_row][vc_column column_width_percent=&#8221;100&#8243; align_horizontal=&#8221;align_center&#8221; gutter_size=&#8221;3&#8243; overlay_alpha=&#8221;50&#8243; shift_x=&#8221;0&#8243; shift_y=&#8221;0&#8243; shift_y_down=&#8221;0&#8243; z_index=&#8221;0&#8243; medium_width=&#8221;0&#8243; mobile_width=&#8221;0&#8243; width=&#8221;1\/1&#8243; uncode_shortcode_id=&#8221;513668&#8243;][vc_custom_heading text_size=&#8221;h1&#8243; uncode_shortcode_id=&#8221;876510&#8243; text_color_type=&#8221;uncode-solid&#8221; text_color_solid=&#8221;#de6a2e&#8221;]GRANDES OFERTAS[\/vc_custom_heading][vc_column_text text_lead=&#8221;yes&#8221; uncode_shortcode_id=&#8221;273503&#8243;]<strong>Aprovecha nuestras promociones y redecora tus espacios al mejor precio.<\/strong>[\/vc_column_text][\/vc_column][\/vc_row][vc_row][vc_column column_width_percent=&#8221;100&#8243; align_horizontal=&#8221;align_center&#8221; gutter_size=&#8221;3&#8243; overlay_alpha=&#8221;50&#8243; shift_x=&#8221;0&#8243; shift_y=&#8221;0&#8243; shift_y_down=&#8221;0&#8243; z_index=&#8221;0&#8243; medium_width=&#8221;0&#8243; mobile_width=&#8221;0&#8243; width=&#8221;1\/1&#8243; uncode_shortcode_id=&#8221;117871&#8243;][vc_custom_heading uncode_shortcode_id=&#8221;486521&#8243; subheading=&#8221;Los colores pueden variar de los tonos reales por motivos de configuraci\u00f3n de cada pantalla o monitor*. Hasta agotar existencias.&#8221;]PIEDRAS EN REMATE[\/vc_custom_heading][\/vc_column][\/vc_row][vc_row][vc_column width=&#8221;1\/1&#8243;][vc_custom_heading text_size=&#8221;h1&#8243; uncode_shortcode_id=&#8221;183614&#8243;]Cantera Slate 40&#215;20 <strong>-30% DE DESCUENTO<\/strong>[\/vc_custom_heading][vc_row_inner][vc_column_inner width=&#8221;3\/4&#8243;][vc_gallery el_id=&#8221;gallery-163268&#8243; medias=&#8221;131218,131219&#8243; gutter_size=&#8221;3&#8243; screen_lg=&#8221;1000&#8243; screen_md=&#8221;600&#8243; screen_sm=&#8221;480&#8243; images_size=&#8221;one-one&#8221; single_overlay_opacity=&#8221;50&#8243; single_padding=&#8221;2&#8243; uncode_shortcode_id=&#8221;802474&#8243;][\/vc_column_inner][vc_column_inner width=&#8221;1\/4&#8243;][vc_column_text uncode_shortcode_id=&#8221;903456&#8243;]<\/p>\n<h3 class=\"jw-heading-70\"><strong>Medidas Promedio:<\/strong><\/h3>\n<p>40 X 20 X 2.5cm\u00a0(largo x alto x grosor)<\/p>\n<h3 class=\"jw-heading-70\"><strong>Empaque en caja de cart\u00f3n:<\/strong><\/h3>\n<p>Contenido:\u00a012 pzs individuales<\/p>\n<p class=\"jw-text-small\">Cubre: 0.96 m2<\/p>\n<p>Peso por caja: 31.21 Kg<\/p>\n<p>Margen de variaci\u00f3n: +\/- 3%[\/vc_column_text][\/vc_column_inner][\/vc_row_inner][\/vc_column][\/vc_row][vc_row][vc_column width=&#8221;1\/1&#8243;][vc_custom_heading uncode_shortcode_id=&#8221;140728&#8243;]Tabique R\u00fastico<br \/>\n<strong>-50% DE DESCUENTO<\/strong><br \/>\n<strong>-20% DE DESCUENTO<\/strong><br \/>\n<strong>-20% DE DESCUENTO<\/strong>[\/vc_custom_heading][vc_row_inner][vc_column_inner width=&#8221;3\/4&#8243;][vc_gallery el_id=&#8221;gallery-163268123&#8243; medias=&#8221;131220,131221,131222&#8243; gutter_size=&#8221;3&#8243; screen_lg=&#8221;1000&#8243; screen_md=&#8221;600&#8243; screen_sm=&#8221;480&#8243; single_width=&#8221;3&#8243; images_size=&#8221;one-one&#8221; single_overlay_opacity=&#8221;50&#8243; single_padding=&#8221;2&#8243; uncode_shortcode_id=&#8221;153353&#8243;][\/vc_column_inner][vc_column_inner width=&#8221;1\/4&#8243;][vc_column_text uncode_shortcode_id=&#8221;169864&#8243;]<\/p>\n<h3 class=\"jw-heading-70\"><strong>Medidas Promedio:<\/strong><\/h3>\n<p>27.5&#215;7.5&#215;2 cm\u00a0(largo x alto x grosor)<\/p>\n<h3 class=\"jw-heading-70\"><strong>Empaque en caja de cart\u00f3n:<\/strong><\/h3>\n<p>Contenido:\u00a040 pzs individuales<\/p>\n<p class=\"jw-text-small\">Cubre: 1.00 m2 (aplicando junta)<\/p>\n<p>Peso por caja: 22.88 Kg<\/p>\n<p>Margen de variaci\u00f3n: +\/- 3%[\/vc_column_text][\/vc_column_inner][\/vc_row_inner][\/vc_column][\/vc_row][vc_row][vc_column width=&#8221;1\/1&#8243;][vc_custom_heading uncode_shortcode_id=&#8221;125825&#8243;]ALMODONADA &#8211;<strong>50% DE DESCUENTO<\/strong>[\/vc_custom_heading][vc_row_inner][vc_column_inner width=&#8221;3\/4&#8243;][vc_gallery el_id=&#8221;gallery-16326817&#8243; medias=&#8221;131223,131224&#8243; gutter_size=&#8221;3&#8243; screen_lg=&#8221;1000&#8243; screen_md=&#8221;600&#8243; screen_sm=&#8221;480&#8243; single_width=&#8221;3&#8243; images_size=&#8221;one-one&#8221; single_overlay_opacity=&#8221;50&#8243; single_padding=&#8221;2&#8243; uncode_shortcode_id=&#8221;192038&#8243;][\/vc_column_inner][vc_column_inner width=&#8221;1\/4&#8243;][vc_column_text uncode_shortcode_id=&#8221;144293&#8243;]<\/p>\n<h3 class=\"jw-heading-70\"><strong>Medidas Promedio:<\/strong><\/h3>\n<p>IRREGULAR\u00a0(largo x alto x grosor)<\/p>\n<h3 class=\"jw-heading-70\"><strong>Empaque en caja de cart\u00f3n:<\/strong><\/h3>\n<p>Contenido:\u00a020 pzs individuales<\/p>\n<p class=\"\">Cubre: 0.97 m2<\/p>\n<p>Peso por caja: 35.30 Kg<\/p>\n<p>Margen de variaci\u00f3n: +\/- 5%[\/vc_column_text][\/vc_column_inner][\/vc_row_inner][\/vc_column][\/vc_row][vc_row][vc_column width=&#8221;1\/1&#8243;][vc_custom_heading uncode_shortcode_id=&#8221;175492&#8243;]Tabique Cultivado <strong>-20% DE DESCUENTO<\/strong>[\/vc_custom_heading][vc_row_inner][vc_column_inner width=&#8221;3\/4&#8243;][vc_gallery el_id=&#8221;gallery-16326816&#8243; medias=&#8221;131225&#8243; gutter_size=&#8221;3&#8243; screen_lg=&#8221;1000&#8243; screen_md=&#8221;600&#8243; screen_sm=&#8221;480&#8243; single_width=&#8221;3&#8243; images_size=&#8221;one-one&#8221; single_overlay_opacity=&#8221;50&#8243; single_padding=&#8221;2&#8243; uncode_shortcode_id=&#8221;904307&#8243;][\/vc_column_inner][vc_column_inner width=&#8221;1\/4&#8243;][vc_column_text uncode_shortcode_id=&#8221;102668&#8243;]<\/p>\n<h3 class=\"jw-heading-70\"><strong>Medidas Promedio:<\/strong><\/h3>\n<p>20&#215;6.5&#215;2 cm\u00a0(largo x alto x grosor)<\/p>\n<h3 class=\"jw-heading-70\"><strong>Empaque en caja de cart\u00f3n:<\/strong><\/h3>\n<p>Contenido:\u00a068 pzs individuales<\/p>\n<p class=\"jw-text-small\">Cubre: 1.00 m2 (aplicando junta)<\/p>\n<p>Peso por caja: 15.50 Kg<\/p>\n<p>Margen de variaci\u00f3n: +\/- 3%[\/vc_column_text][\/vc_column_inner][\/vc_row_inner][\/vc_column][\/vc_row][vc_row][vc_column width=&#8221;1\/1&#8243;][vc_custom_heading uncode_shortcode_id=&#8221;113695&#8243;]Tabique Huatulco<strong> -50% DE DESCUENTO<\/strong>[\/vc_custom_heading][vc_row_inner][vc_column_inner width=&#8221;3\/4&#8243;][vc_gallery el_id=&#8221;gallery-16326815&#8243; medias=&#8221;131226&#8243; gutter_size=&#8221;3&#8243; screen_lg=&#8221;1000&#8243; screen_md=&#8221;600&#8243; screen_sm=&#8221;480&#8243; single_width=&#8221;3&#8243; images_size=&#8221;one-one&#8221; single_overlay_opacity=&#8221;50&#8243; single_padding=&#8221;2&#8243; uncode_shortcode_id=&#8221;153221&#8243;][\/vc_column_inner][vc_column_inner width=&#8221;1\/4&#8243;][vc_column_text uncode_shortcode_id=&#8221;619065&#8243;]<\/p>\n<h3 class=\"jw-heading-70\"><strong>Medidas Promedio:<\/strong><\/h3>\n<p>20x5x2.50 cm\u00a0(largo x alto x grosor)<\/p>\n<h3 class=\"jw-heading-70\"><strong>Empaque en caja de cart\u00f3n:<\/strong><\/h3>\n<p>Contenido:\u00a080 pzs individuales<\/p>\n<p class=\"jw-text-small\">Cubre: 1.00 m2 (aplicando junta)<\/p>\n<p>Peso por caja: 22.50 Kg<\/p>\n<p>Margen de variaci\u00f3n: +\/- 3%[\/vc_column_text][\/vc_column_inner][\/vc_row_inner][\/vc_column][\/vc_row][vc_row][vc_column column_width_percent=&#8221;100&#8243; align_horizontal=&#8221;align_center&#8221; gutter_size=&#8221;3&#8243; overlay_alpha=&#8221;50&#8243; shift_x=&#8221;0&#8243; shift_y=&#8221;0&#8243; shift_y_down=&#8221;0&#8243; z_index=&#8221;0&#8243; medium_width=&#8221;0&#8243; mobile_width=&#8221;0&#8243; width=&#8221;1\/1&#8243; uncode_shortcode_id=&#8221;857006&#8243;][vc_custom_heading uncode_shortcode_id=&#8221;153445&#8243; text_color_type=&#8221;uncode-solid&#8221; text_color_solid=&#8221;#de6a2e&#8221;]Productos[\/vc_custom_heading][vc_row_inner][vc_column_inner column_width_percent=&#8221;100&#8243; align_horizontal=&#8221;align_center&#8221; gutter_size=&#8221;3&#8243; overlay_alpha=&#8221;50&#8243; shift_x=&#8221;0&#8243; shift_y=&#8221;0&#8243; shift_y_down=&#8221;0&#8243; z_index=&#8221;0&#8243; medium_width=&#8221;0&#8243; mobile_width=&#8221;0&#8243; width=&#8221;1\/3&#8243; uncode_shortcode_id=&#8221;510127&#8243;][vc_single_image media=&#8221;131275&#8243; media_width_percent=&#8221;100&#8243; uncode_shortcode_id=&#8221;208055&#8243;][vc_custom_heading uncode_shortcode_id=&#8221;288429&#8243; subheading=&#8221;Elegantes piedras artesanales para decorar muros en interiores y exteriores.&#8221;]Piedra decorativa[\/vc_custom_heading][\/vc_column_inner][vc_column_inner column_width_percent=&#8221;100&#8243; align_horizontal=&#8221;align_center&#8221; gutter_size=&#8221;3&#8243; overlay_alpha=&#8221;50&#8243; shift_x=&#8221;0&#8243; shift_y=&#8221;0&#8243; shift_y_down=&#8221;0&#8243; z_index=&#8221;0&#8243; medium_width=&#8221;0&#8243; mobile_width=&#8221;0&#8243; width=&#8221;1\/3&#8243; uncode_shortcode_id=&#8221;537283&#8243;][vc_single_image media=&#8221;131277&#8243; media_width_percent=&#8221;100&#8243; uncode_shortcode_id=&#8221;147342&#8243;][vc_custom_heading uncode_shortcode_id=&#8221;177847&#8243; subheading=&#8221;Un complemento incre\u00edble para dar m\u00e1s naturalidad a cualquier dise\u00f1o de interior o fachada.&#8221;]Follaje Artificial[\/vc_custom_heading][\/vc_column_inner][vc_column_inner column_width_percent=&#8221;100&#8243; align_horizontal=&#8221;align_center&#8221; gutter_size=&#8221;3&#8243; overlay_alpha=&#8221;50&#8243; shift_x=&#8221;0&#8243; shift_y=&#8221;0&#8243; shift_y_down=&#8221;0&#8243; z_index=&#8221;0&#8243; medium_width=&#8221;0&#8243; mobile_width=&#8221;0&#8243; width=&#8221;1\/3&#8243; uncode_shortcode_id=&#8221;736153&#8243;][vc_single_image media=&#8221;131276&#8243; media_width_percent=&#8221;100&#8243; uncode_shortcode_id=&#8221;908205&#8243;][vc_custom_heading uncode_shortcode_id=&#8221;345520&#8243; subheading=&#8221;Indispensables para llevar a cabo la instalaci\u00f3n o proteger y restaurar el acabado.&#8221;]Adhesivos y Selladores[\/vc_custom_heading][\/vc_column_inner][\/vc_row_inner][vc_row_inner][vc_column_inner column_width_percent=&#8221;100&#8243; align_horizontal=&#8221;align_center&#8221; gutter_size=&#8221;3&#8243; overlay_alpha=&#8221;50&#8243; shift_x=&#8221;0&#8243; shift_y=&#8221;0&#8243; shift_y_down=&#8221;0&#8243; z_index=&#8221;0&#8243; medium_width=&#8221;0&#8243; mobile_width=&#8221;0&#8243; width=&#8221;1\/3&#8243; uncode_shortcode_id=&#8221;510127&#8243;][vc_button size=&#8221;btn-lg&#8221; wide=&#8221;yes&#8221; border_width=&#8221;0&#8243; link=&#8221;url:https%3A%2F%2Fgratis-4740076.webadorsite.com%2Fcontacto|target:_blank&#8221; uncode_shortcode_id=&#8221;185411&#8243;]Ver modelos[\/vc_button][\/vc_column_inner][vc_column_inner column_width_percent=&#8221;100&#8243; align_horizontal=&#8221;align_center&#8221; gutter_size=&#8221;3&#8243; overlay_alpha=&#8221;50&#8243; shift_x=&#8221;0&#8243; shift_y=&#8221;0&#8243; shift_y_down=&#8221;0&#8243; z_index=&#8221;0&#8243; medium_width=&#8221;0&#8243; mobile_width=&#8221;0&#8243; width=&#8221;1\/3&#8243; uncode_shortcode_id=&#8221;537283&#8243;][vc_button size=&#8221;btn-lg&#8221; wide=&#8221;yes&#8221; border_width=&#8221;0&#8243; link=&#8221;url:https%3A%2F%2Fgratis-4740076.webadorsite.com%2Fcontacto|target:_blank&#8221; uncode_shortcode_id=&#8221;185411&#8243;]Ver modelos[\/vc_button][\/vc_column_inner][vc_column_inner column_width_percent=&#8221;100&#8243; align_horizontal=&#8221;align_center&#8221; gutter_size=&#8221;3&#8243; overlay_alpha=&#8221;50&#8243; shift_x=&#8221;0&#8243; shift_y=&#8221;0&#8243; shift_y_down=&#8221;0&#8243; z_index=&#8221;0&#8243; medium_width=&#8221;0&#8243; mobile_width=&#8221;0&#8243; width=&#8221;1\/3&#8243; uncode_shortcode_id=&#8221;736153&#8243;][vc_button size=&#8221;btn-lg&#8221; wide=&#8221;yes&#8221; border_width=&#8221;0&#8243; link=&#8221;url:https%3A%2F%2Fgratis-4740076.webadorsite.com%2Fcontacto|target:_blank&#8221; uncode_shortcode_id=&#8221;185411&#8243;]Ver modelos[\/vc_button][\/vc_column_inner][\/vc_row_inner][\/vc_column][\/vc_row][vc_row row_height_percent=&#8221;0&#8243; overlay_alpha=&#8221;50&#8243; gutter_size=&#8221;3&#8243; column_width_percent=&#8221;100&#8243; shift_y=&#8221;0&#8243; z_index=&#8221;0&#8243; uncode_shortcode_id=&#8221;402924&#8243;][vc_column column_width_percent=&#8221;100&#8243; align_horizontal=&#8221;align_center&#8221; gutter_size=&#8221;3&#8243; style=&#8221;dark&#8221; overlay_alpha=&#8221;50&#8243; shift_x=&#8221;0&#8243; shift_y=&#8221;0&#8243; shift_y_down=&#8221;0&#8243; z_index=&#8221;0&#8243; medium_width=&#8221;0&#8243; mobile_width=&#8221;0&#8243; width=&#8221;1\/1&#8243; uncode_shortcode_id=&#8221;172154&#8243;][vc_custom_heading text_color=&#8221;color-jevc&#8221; uncode_shortcode_id=&#8221;835571&#8243; text_color_type=&#8221;uncode-palette&#8221;]Preguntas frecuentes[\/vc_custom_heading][\/vc_column][\/vc_row][vc_row row_height_percent=&#8221;0&#8243; override_padding=&#8221;yes&#8221; h_padding=&#8221;2&#8243; top_padding=&#8221;1&#8243; bottom_padding=&#8221;1&#8243; back_color=&#8221;color-lxmt&#8221; overlay_alpha=&#8221;50&#8243; gutter_size=&#8221;3&#8243; column_width_percent=&#8221;100&#8243; shift_y=&#8221;0&#8243; z_index=&#8221;0&#8243; uncode_shortcode_id=&#8221;581038&#8243; el_class=&#8221;test-three&#8221; back_color_type=&#8221;uncode-palette&#8221;][vc_column column_width_use_pixel=&#8221;yes&#8221; gutter_size=&#8221;3&#8243; override_padding=&#8221;yes&#8221; column_padding=&#8221;3&#8243; style=&#8221;dark&#8221; font_family=&#8221;font-175345&#8243; overlay_alpha=&#8221;50&#8243; shift_x=&#8221;0&#8243; shift_y=&#8221;0&#8243; shift_y_down=&#8221;0&#8243; z_index=&#8221;0&#8243; medium_width=&#8221;0&#8243; mobile_width=&#8221;0&#8243; radius=&#8221;std&#8221; shadow=&#8221;std&#8221; width=&#8221;1\/1&#8243; uncode_shortcode_id=&#8221;140943&#8243; column_width_pixel=&#8221;900&#8243; back_color_type=&#8221;uncode-solid&#8221; back_color_solid=&#8221;#ff880b&#8221;][vc_accordion no_toggle=&#8221;yes&#8221; typography=&#8221;advanced&#8221; sign=&#8221;plus&#8221; sign_size=&#8221;md&#8221; content_border=&#8221;yes&#8221; gutter_simple=&#8221;1&#8243; no_h_padding=&#8221;yes&#8221; titles_font=&#8221;font-175345&#8243; titles_size=&#8221;h5&#8243; titles_weight=&#8221;400&#8243; uncode_shortcode_id=&#8221;198423&#8243; active_tab=&#8221;0&#8243; active_bg_color_type=&#8221;uncode-solid&#8221; active_bg_color_solid=&#8221;#ff880b&#8221;][vc_accordion_tab gutter_size=&#8221;2&#8243; column_padding=&#8221;0&#8243; title=&#8221;\u00bfQu\u00e9 tipo de materiales utilizan en sus dise\u00f1os?&#8221; tab_id=&#8221;1671541890-1-621672852966895&#8243;][vc_column_text uncode_shortcode_id=&#8221;826964&#8243;]<\/p>\n<p style=\"text-align: jsutify;\">Para la fabricaci\u00f3n de nuestra piedra decorativa utilizamos concreto aligerado tipo celular, que es mucho mas liviano que la piedra natural, cada pieza es pintada a mano de manera totalmente artesanal.<\/p>\n<p>[\/vc_column_text][\/vc_accordion_tab][vc_accordion_tab gutter_size=&#8221;2&#8243; column_padding=&#8221;0&#8243; title=&#8221;\u00bfComo puedo saber que piedra va con mis espacios?&#8221; tab_id=&#8221;1671541890-2-741672852966895&#8243;][vc_column_text uncode_shortcode_id=&#8221;569121&#8243;]<\/p>\n<p style=\"text-align: justify;\">En gustos no hay nada escrito sin embargo recomendamos piedras de formatos peque\u00f1os e irregulares para espacios mas amplios y piedras de formatos grandes y simetricos para espacios mas cerrados, asi mismo los tonos mas claros daran la sensaci\u00f3n de mayor iluminaci\u00f3n y los de colores mas obscuros retraeran la luz.<\/p>\n<p>[\/vc_column_text][\/vc_accordion_tab][vc_accordion_tab gutter_size=&#8221;2&#8243; column_padding=&#8221;0&#8243; title=&#8221;\u00bfOfrecen servicios de asesor\u00eda para decoraci\u00f3n?&#8221; tab_id=&#8221;1671542087726-2-11672852966895&#8243;][vc_column_text uncode_shortcode_id=&#8221;117542&#8243;]<\/p>\n<p style=\"text-align: justify;\">Claro, te asesoramos en la selecci\u00f3n de mobiliario, accesorios y colores para lograr un dise\u00f1o que se adapte a tu estilo de vida.<\/p>\n<p>[\/vc_column_text][\/vc_accordion_tab][vc_accordion_tab gutter_size=&#8221;2&#8243; column_padding=&#8221;0&#8243; title=&#8221;\u00bfEs papel tapiz o son paneles?&#8221; tab_id=&#8221;292da2c4-9bc3-61672852966895&#8243;][vc_column_text uncode_shortcode_id=&#8221;948905&#8243;]<\/p>\n<p style=\"text-align: justify;\">Ninguno, son piezas individuales de diversas formas y tama\u00f1os, esto ayuda a dar mucho mas realismo al decorado.<\/p>\n<p>[\/vc_column_text][\/vc_accordion_tab][vc_accordion_tab gutter_size=&#8221;2&#8243; column_padding=&#8221;0&#8243; title=&#8221;\u00bfC\u00f3mo se instalan en mi muro?&#8221; tab_id=&#8221;b2da8cd6-4d15-8&#8243;][vc_column_text uncode_shortcode_id=&#8221;119705&#8243;]<\/p>\n<p style=\"text-align: justify;\">Es como pegar azulejos, solo distribuya bien las piezas por todo el muro tratando de que las tonalidades queden bien dispersas y aplique pegazulejo, preferentemente de absorci\u00f3n media nula.<\/p>\n<p>[\/vc_column_text][\/vc_accordion_tab][\/vc_accordion][\/vc_column][\/vc_row][vc_row][vc_column column_width_percent=&#8221;100&#8243; align_horizontal=&#8221;align_center&#8221; gutter_size=&#8221;3&#8243; overlay_alpha=&#8221;50&#8243; shift_x=&#8221;0&#8243; shift_y=&#8221;0&#8243; shift_y_down=&#8221;0&#8243; z_index=&#8221;0&#8243; medium_width=&#8221;0&#8243; mobile_width=&#8221;0&#8243; width=&#8221;1\/1&#8243; uncode_shortcode_id=&#8221;188701&#8243;][vc_custom_heading text_size=&#8221;h3&#8243; text_weight=&#8221;900&#8243; uncode_shortcode_id=&#8221;147660&#8243;]\u201cQuede muy contento con el resultado y con poco presupuesto, bastante bien por el costo que termine pagando\u201d[\/vc_custom_heading][vc_row_inner][vc_column_inner width=&#8221;1\/1&#8243;][vc_gallery el_id=&#8221;gallery-16326812456&#8243; medias=&#8221;131227,131228&#8243; gutter_size=&#8221;3&#8243; screen_lg=&#8221;1000&#8243; screen_md=&#8221;600&#8243; screen_sm=&#8221;480&#8243; single_width=&#8221;6&#8243; images_size=&#8221;one-one&#8221; single_overlay_opacity=&#8221;50&#8243; single_padding=&#8221;2&#8243; uncode_shortcode_id=&#8221;127137&#8243;][\/vc_column_inner][\/vc_row_inner][\/vc_column][\/vc_row][vc_row][vc_column column_width_percent=&#8221;100&#8243; align_horizontal=&#8221;align_center&#8221; gutter_size=&#8221;3&#8243; overlay_alpha=&#8221;50&#8243; shift_x=&#8221;0&#8243; shift_y=&#8221;0&#8243; shift_y_down=&#8221;0&#8243; z_index=&#8221;0&#8243; medium_width=&#8221;0&#8243; mobile_width=&#8221;0&#8243; width=&#8221;1\/1&#8243; uncode_shortcode_id=&#8221;111505&#8243;][vc_custom_heading text_size=&#8221;h3&#8243; text_weight=&#8221;900&#8243; uncode_shortcode_id=&#8221;203850&#8243;]\u201cMe encant\u00f3 el acabado de piedra en mi entrada, el dise\u00f1o con el producto le dio un toque natural y sofisticado que me fascina. \u00a1Altamente recomendado!\u201d[\/vc_custom_heading][vc_row_inner][vc_column_inner width=&#8221;1\/2&#8243;][vc_single_image media=&#8221;131018&#8243; media_width_percent=&#8221;100&#8243; uncode_shortcode_id=&#8221;252948&#8243;][\/vc_column_inner][vc_column_inner width=&#8221;1\/2&#8243;][vc_single_image media=&#8221;131019&#8243; media_width_percent=&#8221;100&#8243; uncode_shortcode_id=&#8221;524030&#8243;][\/vc_column_inner][\/vc_row_inner][vc_row_inner][vc_column_inner column_width_percent=&#8221;100&#8243; align_horizontal=&#8221;align_center&#8221; gutter_size=&#8221;3&#8243; overlay_alpha=&#8221;50&#8243; shift_x=&#8221;0&#8243; shift_y=&#8221;0&#8243; shift_y_down=&#8221;0&#8243; z_index=&#8221;0&#8243; medium_width=&#8221;0&#8243; mobile_width=&#8221;0&#8243; width=&#8221;1\/2&#8243; uncode_shortcode_id=&#8221;318144&#8243;][vc_button size=&#8221;btn-lg&#8221; wide=&#8221;yes&#8221; border_width=&#8221;0&#8243; link=&#8221;url:https%3A%2F%2Fgratis-4740076.webadorsite.com%2Fcontacto|target:_blank&#8221; uncode_shortcode_id=&#8221;122103&#8243;]Descubre[\/vc_button][\/vc_column_inner][vc_column_inner column_width_percent=&#8221;100&#8243; align_horizontal=&#8221;align_center&#8221; gutter_size=&#8221;3&#8243; overlay_alpha=&#8221;50&#8243; shift_x=&#8221;0&#8243; shift_y=&#8221;0&#8243; shift_y_down=&#8221;0&#8243; z_index=&#8221;0&#8243; medium_width=&#8221;0&#8243; mobile_width=&#8221;0&#8243; width=&#8221;1\/2&#8243; uncode_shortcode_id=&#8221;182286&#8243;][vc_button size=&#8221;btn-lg&#8221; wide=&#8221;yes&#8221; border_width=&#8221;0&#8243; link=&#8221;url:https%3A%2F%2Fwww.rockstone.com.mx%2FCATALOGO.pdf|target:_blank&#8221; uncode_shortcode_id=&#8221;214464&#8243;]Descargar c\u00e1talogo pdf[\/vc_button][\/vc_column_inner][\/vc_row_inner][\/vc_column][\/vc_row][vc_row][vc_column width=&#8221;1\/1&#8243;][\/vc_column][\/vc_row][vc_row][vc_column width=&#8221;1\/1&#8243;][\/vc_column][\/vc_row]<\/p>\n<\/div>","protected":false},"excerpt":{"rendered":"<p>[vc_row unlock_row_content=&#8221;yes&#8221; row_height_percent=&#8221;80&#8243; overlay_alpha=&#8221;50&#8243; gutter_size=&#8221;3&#8243; column_width_percent=&#8221;100&#8243; shift_y=&#8221;0&#8243; z_index=&#8221;0&#8243; uncode_shortcode_id=&#8221;189817&#8243;][vc_column width=&#8221;1\/1&#8243;][uncode_slider][vc_row_inner row_inner_height_percent=&#8221;0&#8243; back_image=&#8221;131304&#8243; overlay_color=&#8221;color-jevc&#8221; overlay_alpha=&#8221;20&#8243; gutter_size=&#8221;3&#8243; shift_y=&#8221;0&#8243; z_index=&#8221;0&#8243; uncode_shortcode_id=&#8221;857301&#8243; overlay_color_type=&#8221;uncode-palette&#8221;][vc_column_inner column_width_percent=&#8221;100&#8243; [&hellip;]<\/p>\n","protected":false},"author":1,"featured_media":0,"parent":0,"menu_order":0,"comment_status":"closed","ping_status":"closed","template":"","meta":{"footnotes":""},"class_list":["post-130990","page","type-page","status-publish","hentry"],"_links":{"self":[{"href":"https:\/\/rockstone.com.mx\/promociones\/index.php\/wp-json\/wp\/v2\/pages\/130990","targetHints":{"allow":["GET"]}}],"collection":[{"href":"https:\/\/rockstone.com.mx\/promociones\/index.php\/wp-json\/wp\/v2\/pages"}],"about":[{"href":"https:\/\/rockstone.com.mx\/promociones\/index.php\/wp-json\/wp\/v2\/types\/page"}],"author":[{"embeddable":true,"href":"https:\/\/rockstone.com.mx\/promociones\/index.php\/wp-json\/wp\/v2\/users\/1"}],"replies":[{"embeddable":true,"href":"https:\/\/rockstone.com.mx\/promociones\/index.php\/wp-json\/wp\/v2\/comments?post=130990"}],"version-history":[{"count":38,"href":"https:\/\/rockstone.com.mx\/promociones\/index.php\/wp-json\/wp\/v2\/pages\/130990\/revisions"}],"predecessor-version":[{"id":131306,"href":"https:\/\/rockstone.com.mx\/promociones\/index.php\/wp-json\/wp\/v2\/pages\/130990\/revisions\/131306"}],"wp:attachment":[{"href":"https:\/\/rockstone.com.mx\/promociones\/index.php\/wp-json\/wp\/v2\/media?parent=130990"}],"curies":[{"name":"wp","href":"https:\/\/api.w.org\/{rel}","templated":true}]}}